{"id":6039,"date":"2024-12-01T09:55:08","date_gmt":"2024-12-01T09:55:08","guid":{"rendered":"https:\/\/www.institutoendoscopiaavanzada.com\/?post_type=product&#038;p=6039"},"modified":"2026-03-23T16:13:41","modified_gmt":"2026-03-23T16:13:41","slug":"curso-de-entrenamiento-en-colangiopancreatografia-retrograda-endoscopica-cpre","status":"publish","type":"product","link":"https:\/\/www.institutoendoscopiaavanzada.com\/en\/producto\/curso-de-entrenamiento-en-colangiopancreatografia-retrograda-endoscopica-cpre\/","title":{"rendered":"Curso de entrenamiento en Colangiopancreatograf\u00eda Retr\u00f3grada Endosc\u00f3pica (CPRE)"},"content":{"rendered":"<div class=\"elementor-element elementor-element-83decb0 elementor-widget elementor-widget-heading\" data-id=\"83decb0\" data-element_type=\"widget\" data-widget_type=\"heading.default\">\n<div class=\"elementor-widget-container\">\n<h2 data-path-to-node=\"3\">Metodolog\u00eda del curso<\/h2>\n<p data-path-to-node=\"4\"><b data-path-to-node=\"4\" data-index-in-node=\"0\">En primer lugar<\/b>, la metodolog\u00eda se basa en una s\u00f3lida ense\u00f1anza te\u00f3rica sobre el material espec\u00edfico y la t\u00e9cnica de la CPRE. <b data-path-to-node=\"4\" data-index-in-node=\"126\">Adem\u00e1s<\/b>, incluimos una fase te\u00f3rico-pr\u00e1ctica dedicada al manejo del endoscopio en modelos de experimentaci\u00f3n avanzados, como el <i data-path-to-node=\"4\" data-index-in-node=\"253\">endoscopio trainer<\/i> y nuestro gimnasio de habilidad.<\/p>\n<p data-path-to-node=\"5\"><b data-path-to-node=\"5\" data-index-in-node=\"0\">Asimismo<\/b>, los alumnos realizar\u00e1n pr\u00e1cticas intensivas sobre modelos experimentales para dominar procesos clave <b data-path-to-node=\"5\" data-index-in-node=\"111\">tales como<\/b> la canulaci\u00f3n biliar, la esfinterotom\u00eda y el posicionamiento de stents biliares pl\u00e1sticos y met\u00e1licos. <b data-path-to-node=\"5\" data-index-in-node=\"225\">Por \u00faltimo<\/b>, se profundizar\u00e1 en el uso de t\u00e9cnicas de litotricia.<\/p>\n<h2 data-path-to-node=\"6\">Agenda detallada<\/h2>\n<h3 data-path-to-node=\"7\">Mi\u00e9rcoles, 29 de enero<\/h3>\n<ul data-path-to-node=\"8\">\n<li>\n<p data-path-to-node=\"8,0,0\"><b data-path-to-node=\"8,0,0\" data-index-in-node=\"0\">08:30 \u2013 09:00:<\/b> Encuentro y bienvenida a los asistentes.<\/p>\n<\/li>\n<li>\n<p data-path-to-node=\"8,1,0\"><b data-path-to-node=\"8,1,0\" data-index-in-node=\"0\">09:00:<\/b> Inauguraci\u00f3n oficial y presentaci\u00f3n detallada del curso.<\/p>\n<\/li>\n<li>\n<p data-path-to-node=\"8,2,0\"><b data-path-to-node=\"8,2,0\" data-index-in-node=\"0\">09:10 \u2013 SESI\u00d3N TE\u00d3RICA:<\/b> <b data-path-to-node=\"8,2,0\" data-index-in-node=\"24\">Para comenzar<\/b>, analizaremos las t\u00e9cnicas de canulaci\u00f3n y la anatom\u00eda de la encrucijada duodeno-papilar. <b data-path-to-node=\"8,2,0\" data-index-in-node=\"128\">Posteriormente<\/b>, el Dr. Francisco M. Fern\u00e1ndez explicar\u00e1 el material endosc\u00f3pico y fungible necesario en C.P.R.E.<\/p>\n<\/li>\n<li>\n<p data-path-to-node=\"8,3,0\"><b data-path-to-node=\"8,3,0\" data-index-in-node=\"0\">10:00:<\/b> Pausa para el caf\u00e9.<\/p>\n<\/li>\n<li>\n<p data-path-to-node=\"8,4,0\"><b data-path-to-node=\"8,4,0\" data-index-in-node=\"0\">10:20 \u2013 13:30 \u2013 SESI\u00d3N PR\u00c1CTICA 1:<\/b> Taller de entrenamiento en simulador f\u00edsico. <b data-path-to-node=\"8,4,0\" data-index-in-node=\"80\">En esta etapa<\/b>, nos centraremos en la canulaci\u00f3n biliar y pancre\u00e1tica, incluyendo canulaci\u00f3n simple, doble gu\u00eda y ejercicios de habilidad.<\/p>\n<\/li>\n<li>\n<p data-path-to-node=\"8,5,0\"><b data-path-to-node=\"8,5,0\" data-index-in-node=\"0\">13:30:<\/b> Almuerzo de trabajo.<\/p>\n<\/li>\n<li>\n<p data-path-to-node=\"8,6,0\"><b data-path-to-node=\"8,6,0\" data-index-in-node=\"0\">14:30 \u2013 16:30 \u2013 SESI\u00d3N PR\u00c1CTICA 2:<\/b> <b data-path-to-node=\"8,6,0\" data-index-in-node=\"35\">A continuaci\u00f3n<\/b>, iniciaremos las pr\u00e1cticas de C.P.R.E. terap\u00e9utica. <b data-path-to-node=\"8,6,0\" data-index-in-node=\"102\">Debido a su importancia<\/b>, practicaremos el contraste de la v\u00eda biliar y el empleo de balones de Fogarty, cestas de Dormia y esfinterotomos.<\/p>\n<\/li>\n<li>\n<p data-path-to-node=\"8,7,0\"><b data-path-to-node=\"8,7,0\" data-index-in-node=\"0\">16:30:<\/b> Pausa para el caf\u00e9.<\/p>\n<\/li>\n<li>\n<p data-path-to-node=\"8,8,0\"><b data-path-to-node=\"8,8,0\" data-index-in-node=\"0\">17:00 \u2013 19:00 \u2013 SESI\u00d3N PR\u00c1CTICA 3:<\/b> Pr\u00e1cticas avanzadas de esfinterotom\u00eda y colocaci\u00f3n de stents.<\/p>\n<\/li>\n<li>\n<p data-path-to-node=\"8,9,0\"><b data-path-to-node=\"8,9,0\" data-index-in-node=\"0\">19:00:<\/b> Clausura del curso.<\/p>\n<\/li>\n<\/ul>\n<hr data-path-to-node=\"9\" \/>\n<h2 data-path-to-node=\"10\">Informaci\u00f3n adicional de inter\u00e9s<\/h2>\n<p data-path-to-node=\"11\"><b data-path-to-node=\"11\" data-index-in-node=\"0\">Es importante destacar que<\/b> este curso est\u00e1 dirigido exclusivamente a especialistas en Aparato Digestivo. <b data-path-to-node=\"11\" data-index-in-node=\"105\">Por lo tanto<\/b>, se requiere experiencia previa contrastada en endoscopia flexible.<\/p>\n<p data-path-to-node=\"12\"><b data-path-to-node=\"12\" data-index-in-node=\"0\">En cuanto a<\/b> la ubicaci\u00f3n, las jornadas se celebrar\u00e1n en el Centro de Simulaci\u00f3n del Instituto de Endoscopia Digestiva Avanzada, situado <b data-path-to-node=\"12\" data-index-in-node=\"136\">espec\u00edficamente<\/b> en las instalaciones del Hospital Vithas Xanit Internacional (Benalm\u00e1dena, M\u00e1laga).<\/p>\n<\/div>\n<\/div>\n","protected":false},"excerpt":{"rendered":"<div class=\"elementor-element elementor-element-faaa388 elementor-widget elementor-widget-text-editor\" data-id=\"faaa388\" data-element_type=\"widget\" data-widget_type=\"heading.default\">\n<div class=\"elementor-widget-container\">\n<p>https:\/\/youtu.be\/n4iSHlIhJkw<\/p>\n<p class=\"elementor-heading-title elementor-size-default\"><b>Fecha del curso: Mi\u00e9rcoles 29 de Enero de 2024<\/b><\/p>\n<p>&nbsp;<\/p>\n<p class=\"elementor-heading-title elementor-size-default\">El objetivo general es que los alumnos conozcan los fundamentos te\u00f3ricos de las indicaciones de la colangiopancreatograf\u00eda endosc\u00f3pica retr\u00f3grada, as\u00ed como que realicen pr\u00e1cticas de esta t\u00e9cnica en modelo simulado. Al final de la actividad los alumnos podr\u00e1n:<\/p>\n<\/div>\n<\/div>\n<div class=\"elementor-element elementor-element-a9cfdca elementor-widget elementor-widget-text-editor\" data-id=\"a9cfdca\" data-element_type=\"widget\" data-widget_type=\"text-editor.default\">\n<div class=\"elementor-widget-container\">\n<ul>\n<li>Describir las indicaciones de la colangiopancreatograf\u00eda endosc\u00f3pica retr\u00f3grada.<\/li>\n<li>Conocer el material espec\u00edfico para la realizaci\u00f3n de las diferentes t\u00e9cnicas que se pueden realizar mediante colangiopancreatograf\u00eda endosc\u00f3pica retr\u00f3grada.<\/li>\n<li>Conocer las maniobras b\u00e1sicas para la realizaci\u00f3n de:\n<ul>\n<li>Manejo del duodenoscopio y de su visi\u00f3n lateral.<\/li>\n<li>Cateterizaci\u00f3n de la papila duodenal.<\/li>\n<li>Opacificaci\u00f3n de la v\u00eda biliar.<\/li>\n<li>Utilizaci\u00f3n de bal\u00f3n de Fogarty y Cesta de Dormia en el conducto biliar<\/li>\n<\/ul>\n<\/li>\n<li>Realizaci\u00f3n de esfinterotom\u00eda y colocaci\u00f3n de pr\u00f3tesis biliar pudiendo ser aplicadas tras la realizaci\u00f3n del curso en el \u00e1mbito hospitalario<\/li>\n<\/ul>\n<\/div>\n<\/div>\n","protected":false},"featured_media":6040,"comment_status":"open","ping_status":"closed","template":"","meta":[],"product_brand":[],"product_cat":[45],"product_tag":[46,47],"class_list":{"0":"post-6039","1":"product","2":"type-product","3":"status-publish","4":"has-post-thumbnail","6":"product_cat-cursos","7":"product_tag-cpre","8":"product_tag-endoscopia","10":"first","11":"instock","12":"virtual","13":"taxable","14":"purchasable","15":"product-type-simple"},"yoast_head":"<!-- This site is optimized with the Yoast SEO plugin v27.2 - https:\/\/yoast.com\/product\/yoast-seo-wordpress\/ -->\n<title>Curso Colangiopancreatograf\u00eda Retr\u00f3grada Endosc\u00f3pica (CPRE)<\/title>\n<meta name=\"description\" content=\"Aprende fundamentos te\u00f3ricos de las indicaciones de la colangiopancreatograf\u00eda endosc\u00f3pica retr\u00f3grada y realiza pr\u00e1cticas de esta t\u00e9cnica en modelo simulado\" \/>\n<meta name=\"robots\" content=\"index, follow, max-snippet:-1, max-image-preview:large, max-video-preview:-1\" \/>\n<link rel=\"canonical\" href=\"https:\/\/www.institutoendoscopiaavanzada.com\/producto\/curso-de-entrenamiento-en-colangiopancreatografia-retrograda-endoscopica-cpre\/\" \/>\n<meta property=\"og:locale\" content=\"en_US\" \/>\n<meta property=\"og:type\" content=\"article\" \/>\n<meta property=\"og:title\" content=\"Curso Colangiopancreatograf\u00eda Retr\u00f3grada Endosc\u00f3pica (CPRE)\" \/>\n<meta property=\"og:description\" content=\"Aprende fundamentos te\u00f3ricos de las indicaciones de la colangiopancreatograf\u00eda endosc\u00f3pica retr\u00f3grada y realiza pr\u00e1cticas de esta t\u00e9cnica en modelo simulado\" \/>\n<meta property=\"og:url\" content=\"https:\/\/www.institutoendoscopiaavanzada.com\/producto\/curso-de-entrenamiento-en-colangiopancreatografia-retrograda-endoscopica-cpre\/\" \/>\n<meta property=\"og:site_name\" content=\"Instituto de Endoscopia Digestiva Avanzada\" \/>\n<meta property=\"article:modified_time\" content=\"2026-03-23T16:13:41+00:00\" \/>\n<meta property=\"og:image\" content=\"https:\/\/www.institutoendoscopiaavanzada.com\/wp-content\/uploads\/2024\/12\/cpre-1.jpg\" \/>\n\t<meta property=\"og:image:width\" content=\"1200\" \/>\n\t<meta property=\"og:image:height\" content=\"1200\" \/>\n\t<meta property=\"og:image:type\" content=\"image\/jpeg\" \/>\n<meta name=\"twitter:card\" content=\"summary_large_image\" \/>\n<meta name=\"twitter:label1\" content=\"Est. reading time\" \/>\n\t<meta name=\"twitter:data1\" content=\"2 minutes\" \/>\n<script type=\"application\/ld+json\" class=\"yoast-schema-graph\">{\"@context\":\"https:\/\/schema.org\",\"@graph\":[{\"@type\":\"WebPage\",\"@id\":\"https:\/\/www.institutoendoscopiaavanzada.com\/producto\/curso-de-entrenamiento-en-colangiopancreatografia-retrograda-endoscopica-cpre\/\",\"url\":\"https:\/\/www.institutoendoscopiaavanzada.com\/producto\/curso-de-entrenamiento-en-colangiopancreatografia-retrograda-endoscopica-cpre\/\",\"name\":\"Curso Colangiopancreatograf\u00eda Retr\u00f3grada Endosc\u00f3pica (CPRE)\",\"isPartOf\":{\"@id\":\"https:\/\/www.institutoendoscopiaavanzada.com\/#website\"},\"primaryImageOfPage\":{\"@id\":\"https:\/\/www.institutoendoscopiaavanzada.com\/producto\/curso-de-entrenamiento-en-colangiopancreatografia-retrograda-endoscopica-cpre\/#primaryimage\"},\"image\":{\"@id\":\"https:\/\/www.institutoendoscopiaavanzada.com\/producto\/curso-de-entrenamiento-en-colangiopancreatografia-retrograda-endoscopica-cpre\/#primaryimage\"},\"thumbnailUrl\":\"https:\/\/www.institutoendoscopiaavanzada.com\/wp-content\/uploads\/2024\/12\/cpre-1.jpg\",\"datePublished\":\"2024-12-01T09:55:08+00:00\",\"dateModified\":\"2026-03-23T16:13:41+00:00\",\"description\":\"Aprende fundamentos te\u00f3ricos de las indicaciones de la colangiopancreatograf\u00eda endosc\u00f3pica retr\u00f3grada y realiza pr\u00e1cticas de esta t\u00e9cnica en modelo simulado\",\"breadcrumb\":{\"@id\":\"https:\/\/www.institutoendoscopiaavanzada.com\/producto\/curso-de-entrenamiento-en-colangiopancreatografia-retrograda-endoscopica-cpre\/#breadcrumb\"},\"inLanguage\":\"en-US\",\"potentialAction\":[{\"@type\":\"ReadAction\",\"target\":[\"https:\/\/www.institutoendoscopiaavanzada.com\/producto\/curso-de-entrenamiento-en-colangiopancreatografia-retrograda-endoscopica-cpre\/\"]}]},{\"@type\":\"ImageObject\",\"inLanguage\":\"en-US\",\"@id\":\"https:\/\/www.institutoendoscopiaavanzada.com\/producto\/curso-de-entrenamiento-en-colangiopancreatografia-retrograda-endoscopica-cpre\/#primaryimage\",\"url\":\"https:\/\/www.institutoendoscopiaavanzada.com\/wp-content\/uploads\/2024\/12\/cpre-1.jpg\",\"contentUrl\":\"https:\/\/www.institutoendoscopiaavanzada.com\/wp-content\/uploads\/2024\/12\/cpre-1.jpg\",\"width\":1200,\"height\":1200,\"caption\":\"Curso de Colangiopancreatograf\u00eda endoscopica (CPRE). 29 Enero 2025\"},{\"@type\":\"BreadcrumbList\",\"@id\":\"https:\/\/www.institutoendoscopiaavanzada.com\/producto\/curso-de-entrenamiento-en-colangiopancreatografia-retrograda-endoscopica-cpre\/#breadcrumb\",\"itemListElement\":[{\"@type\":\"ListItem\",\"position\":1,\"name\":\"Portada\",\"item\":\"https:\/\/www.institutoendoscopiaavanzada.com\/\"},{\"@type\":\"ListItem\",\"position\":2,\"name\":\"Tienda\",\"item\":\"https:\/\/www.institutoendoscopiaavanzada.com\/tienda\/\"},{\"@type\":\"ListItem\",\"position\":3,\"name\":\"Curso de entrenamiento en Colangiopancreatograf\u00eda Retr\u00f3grada Endosc\u00f3pica (CPRE)\"}]},{\"@type\":\"WebSite\",\"@id\":\"https:\/\/www.institutoendoscopiaavanzada.com\/#website\",\"url\":\"https:\/\/www.institutoendoscopiaavanzada.com\/\",\"name\":\"Instituto de Endoscopia Digestiva Avanzada\",\"description\":\"\",\"publisher\":{\"@id\":\"https:\/\/www.institutoendoscopiaavanzada.com\/#organization\"},\"potentialAction\":[{\"@type\":\"SearchAction\",\"target\":{\"@type\":\"EntryPoint\",\"urlTemplate\":\"https:\/\/www.institutoendoscopiaavanzada.com\/?s={search_term_string}\"},\"query-input\":{\"@type\":\"PropertyValueSpecification\",\"valueRequired\":true,\"valueName\":\"search_term_string\"}}],\"inLanguage\":\"en-US\"},{\"@type\":\"Organization\",\"@id\":\"https:\/\/www.institutoendoscopiaavanzada.com\/#organization\",\"name\":\"Instituto de Endoscopia Digestiva Avanzada\",\"url\":\"https:\/\/www.institutoendoscopiaavanzada.com\/\",\"logo\":{\"@type\":\"ImageObject\",\"inLanguage\":\"en-US\",\"@id\":\"https:\/\/www.institutoendoscopiaavanzada.com\/#\/schema\/logo\/image\/\",\"url\":\"https:\/\/www.institutoendoscopiaavanzada.com\/wp-content\/uploads\/2023\/11\/logo-endoscopia-s-1.png\",\"contentUrl\":\"https:\/\/www.institutoendoscopiaavanzada.com\/wp-content\/uploads\/2023\/11\/logo-endoscopia-s-1.png\",\"width\":154,\"height\":80,\"caption\":\"Instituto de Endoscopia Digestiva Avanzada\"},\"image\":{\"@id\":\"https:\/\/www.institutoendoscopiaavanzada.com\/#\/schema\/logo\/image\/\"}}]}<\/script>\n<!-- \/ Yoast SEO plugin. -->","yoast_head_json":{"title":"Curso Colangiopancreatograf\u00eda Retr\u00f3grada Endosc\u00f3pica (CPRE)","description":"Aprende fundamentos te\u00f3ricos de las indicaciones de la colangiopancreatograf\u00eda endosc\u00f3pica retr\u00f3grada y realiza pr\u00e1cticas de esta t\u00e9cnica en modelo simulado","robots":{"index":"index","follow":"follow","max-snippet":"max-snippet:-1","max-image-preview":"max-image-preview:large","max-video-preview":"max-video-preview:-1"},"canonical":"https:\/\/www.institutoendoscopiaavanzada.com\/producto\/curso-de-entrenamiento-en-colangiopancreatografia-retrograda-endoscopica-cpre\/","og_locale":"en_US","og_type":"article","og_title":"Curso Colangiopancreatograf\u00eda Retr\u00f3grada Endosc\u00f3pica (CPRE)","og_description":"Aprende fundamentos te\u00f3ricos de las indicaciones de la colangiopancreatograf\u00eda endosc\u00f3pica retr\u00f3grada y realiza pr\u00e1cticas de esta t\u00e9cnica en modelo simulado","og_url":"https:\/\/www.institutoendoscopiaavanzada.com\/producto\/curso-de-entrenamiento-en-colangiopancreatografia-retrograda-endoscopica-cpre\/","og_site_name":"Instituto de Endoscopia Digestiva Avanzada","article_modified_time":"2026-03-23T16:13:41+00:00","og_image":[{"width":1200,"height":1200,"url":"https:\/\/www.institutoendoscopiaavanzada.com\/wp-content\/uploads\/2024\/12\/cpre-1.jpg","type":"image\/jpeg"}],"twitter_card":"summary_large_image","twitter_misc":{"Est. reading time":"2 minutes"},"schema":{"@context":"https:\/\/schema.org","@graph":[{"@type":"WebPage","@id":"https:\/\/www.institutoendoscopiaavanzada.com\/producto\/curso-de-entrenamiento-en-colangiopancreatografia-retrograda-endoscopica-cpre\/","url":"https:\/\/www.institutoendoscopiaavanzada.com\/producto\/curso-de-entrenamiento-en-colangiopancreatografia-retrograda-endoscopica-cpre\/","name":"Curso Colangiopancreatograf\u00eda Retr\u00f3grada Endosc\u00f3pica (CPRE)","isPartOf":{"@id":"https:\/\/www.institutoendoscopiaavanzada.com\/#website"},"primaryImageOfPage":{"@id":"https:\/\/www.institutoendoscopiaavanzada.com\/producto\/curso-de-entrenamiento-en-colangiopancreatografia-retrograda-endoscopica-cpre\/#primaryimage"},"image":{"@id":"https:\/\/www.institutoendoscopiaavanzada.com\/producto\/curso-de-entrenamiento-en-colangiopancreatografia-retrograda-endoscopica-cpre\/#primaryimage"},"thumbnailUrl":"https:\/\/www.institutoendoscopiaavanzada.com\/wp-content\/uploads\/2024\/12\/cpre-1.jpg","datePublished":"2024-12-01T09:55:08+00:00","dateModified":"2026-03-23T16:13:41+00:00","description":"Aprende fundamentos te\u00f3ricos de las indicaciones de la colangiopancreatograf\u00eda endosc\u00f3pica retr\u00f3grada y realiza pr\u00e1cticas de esta t\u00e9cnica en modelo simulado","breadcrumb":{"@id":"https:\/\/www.institutoendoscopiaavanzada.com\/producto\/curso-de-entrenamiento-en-colangiopancreatografia-retrograda-endoscopica-cpre\/#breadcrumb"},"inLanguage":"en-US","potentialAction":[{"@type":"ReadAction","target":["https:\/\/www.institutoendoscopiaavanzada.com\/producto\/curso-de-entrenamiento-en-colangiopancreatografia-retrograda-endoscopica-cpre\/"]}]},{"@type":"ImageObject","inLanguage":"en-US","@id":"https:\/\/www.institutoendoscopiaavanzada.com\/producto\/curso-de-entrenamiento-en-colangiopancreatografia-retrograda-endoscopica-cpre\/#primaryimage","url":"https:\/\/www.institutoendoscopiaavanzada.com\/wp-content\/uploads\/2024\/12\/cpre-1.jpg","contentUrl":"https:\/\/www.institutoendoscopiaavanzada.com\/wp-content\/uploads\/2024\/12\/cpre-1.jpg","width":1200,"height":1200,"caption":"Curso de Colangiopancreatograf\u00eda endoscopica (CPRE). 29 Enero 2025"},{"@type":"BreadcrumbList","@id":"https:\/\/www.institutoendoscopiaavanzada.com\/producto\/curso-de-entrenamiento-en-colangiopancreatografia-retrograda-endoscopica-cpre\/#breadcrumb","itemListElement":[{"@type":"ListItem","position":1,"name":"Portada","item":"https:\/\/www.institutoendoscopiaavanzada.com\/"},{"@type":"ListItem","position":2,"name":"Tienda","item":"https:\/\/www.institutoendoscopiaavanzada.com\/tienda\/"},{"@type":"ListItem","position":3,"name":"Curso de entrenamiento en Colangiopancreatograf\u00eda Retr\u00f3grada Endosc\u00f3pica (CPRE)"}]},{"@type":"WebSite","@id":"https:\/\/www.institutoendoscopiaavanzada.com\/#website","url":"https:\/\/www.institutoendoscopiaavanzada.com\/","name":"Instituto de Endoscopia Digestiva Avanzada","description":"","publisher":{"@id":"https:\/\/www.institutoendoscopiaavanzada.com\/#organization"},"potentialAction":[{"@type":"SearchAction","target":{"@type":"EntryPoint","urlTemplate":"https:\/\/www.institutoendoscopiaavanzada.com\/?s={search_term_string}"},"query-input":{"@type":"PropertyValueSpecification","valueRequired":true,"valueName":"search_term_string"}}],"inLanguage":"en-US"},{"@type":"Organization","@id":"https:\/\/www.institutoendoscopiaavanzada.com\/#organization","name":"Instituto de Endoscopia Digestiva Avanzada","url":"https:\/\/www.institutoendoscopiaavanzada.com\/","logo":{"@type":"ImageObject","inLanguage":"en-US","@id":"https:\/\/www.institutoendoscopiaavanzada.com\/#\/schema\/logo\/image\/","url":"https:\/\/www.institutoendoscopiaavanzada.com\/wp-content\/uploads\/2023\/11\/logo-endoscopia-s-1.png","contentUrl":"https:\/\/www.institutoendoscopiaavanzada.com\/wp-content\/uploads\/2023\/11\/logo-endoscopia-s-1.png","width":154,"height":80,"caption":"Instituto de Endoscopia Digestiva Avanzada"},"image":{"@id":"https:\/\/www.institutoendoscopiaavanzada.com\/#\/schema\/logo\/image\/"}}]}},"_links":{"self":[{"href":"https:\/\/www.institutoendoscopiaavanzada.com\/en\/wp-json\/wp\/v2\/product\/6039","targetHints":{"allow":["GET"]}}],"collection":[{"href":"https:\/\/www.institutoendoscopiaavanzada.com\/en\/wp-json\/wp\/v2\/product"}],"about":[{"href":"https:\/\/www.institutoendoscopiaavanzada.com\/en\/wp-json\/wp\/v2\/types\/product"}],"replies":[{"embeddable":true,"href":"https:\/\/www.institutoendoscopiaavanzada.com\/en\/wp-json\/wp\/v2\/comments?post=6039"}],"wp:featuredmedia":[{"embeddable":true,"href":"https:\/\/www.institutoendoscopiaavanzada.com\/en\/wp-json\/wp\/v2\/media\/6040"}],"wp:attachment":[{"href":"https:\/\/www.institutoendoscopiaavanzada.com\/en\/wp-json\/wp\/v2\/media?parent=6039"}],"wp:term":[{"taxonomy":"product_brand","embeddable":true,"href":"https:\/\/www.institutoendoscopiaavanzada.com\/en\/wp-json\/wp\/v2\/product_brand?post=6039"},{"taxonomy":"product_cat","embeddable":true,"href":"https:\/\/www.institutoendoscopiaavanzada.com\/en\/wp-json\/wp\/v2\/product_cat?post=6039"},{"taxonomy":"product_tag","embeddable":true,"href":"https:\/\/www.institutoendoscopiaavanzada.com\/en\/wp-json\/wp\/v2\/product_tag?post=6039"}],"curies":[{"name":"wp","href":"https:\/\/api.w.org\/{rel}","templated":true}]}}