{"id":6790,"date":"2025-02-02T19:31:30","date_gmt":"2025-02-02T19:31:30","guid":{"rendered":"https:\/\/www.institutoendoscopiaavanzada.com\/?post_type=product&#038;p=6790"},"modified":"2025-02-02T19:36:15","modified_gmt":"2025-02-02T19:36:15","slug":"jornada-de-entrenamiento-en-diseccion-endoscopica-y-endoscopia-del-tercer-espacio","status":"publish","type":"product","link":"https:\/\/www.institutoendoscopiaavanzada.com\/en\/producto\/jornada-de-entrenamiento-en-diseccion-endoscopica-y-endoscopia-del-tercer-espacio\/","title":{"rendered":"Jornada de entrenamiento en disecci\u00f3n endosc\u00f3pica y endoscopia del tercer espacio"},"content":{"rendered":"","protected":true},"excerpt":{"rendered":"","protected":true},"featured_media":6592,"comment_status":"open","ping_status":"closed","template":"","meta":[],"product_brand":[],"product_cat":[45],"product_tag":[48,47],"class_list":{"0":"post-6790","1":"product","2":"type-product","3":"status-publish","4":"post-password-required","6":"product_cat-cursos","7":"product_tag-cirugia","8":"product_tag-endoscopia","10":"first","11":"instock","12":"virtual","13":"taxable","14":"purchasable","15":"product-type-simple"},"yoast_head":"<!-- This site is optimized with the Yoast SEO plugin v27.2 - https:\/\/yoast.com\/product\/yoast-seo-wordpress\/ -->\n<title>Curso Colangiopancreatograf\u00eda Retr\u00f3grada Endosc\u00f3pica (CPRE)<\/title>\n<meta name=\"description\" content=\"Aprende fundamentos te\u00f3ricos de las indicaciones de la colangiopancreatograf\u00eda endosc\u00f3pica retr\u00f3grada y realiza pr\u00e1cticas de esta t\u00e9cnica en modelo simulado\" \/>\n<meta name=\"robots\" content=\"index, follow, max-snippet:-1, max-image-preview:large, max-video-preview:-1\" \/>\n<link rel=\"canonical\" href=\"https:\/\/www.institutoendoscopiaavanzada.com\/producto\/jornada-de-entrenamiento-en-diseccion-endoscopica-y-endoscopia-del-tercer-espacio\/\" \/>\n<meta property=\"og:locale\" content=\"en_US\" \/>\n<meta property=\"og:type\" content=\"article\" \/>\n<meta property=\"og:title\" content=\"Curso Colangiopancreatograf\u00eda Retr\u00f3grada Endosc\u00f3pica (CPRE)\" \/>\n<meta property=\"og:description\" content=\"Aprende fundamentos te\u00f3ricos de las indicaciones de la colangiopancreatograf\u00eda endosc\u00f3pica retr\u00f3grada y realiza pr\u00e1cticas de esta t\u00e9cnica en modelo simulado\" \/>\n<meta property=\"og:url\" content=\"https:\/\/www.institutoendoscopiaavanzada.com\/producto\/jornada-de-entrenamiento-en-diseccion-endoscopica-y-endoscopia-del-tercer-espacio\/\" \/>\n<meta property=\"og:site_name\" content=\"Instituto de Endoscopia Digestiva Avanzada\" \/>\n<meta property=\"article:modified_time\" content=\"2025-02-02T19:36:15+00:00\" \/>\n<meta name=\"twitter:card\" content=\"summary_large_image\" \/>\n<meta name=\"twitter:label1\" content=\"Est. reading time\" \/>\n\t<meta name=\"twitter:data1\" content=\"2 minutes\" \/>\n<script type=\"application\/ld+json\" class=\"yoast-schema-graph\">{\"@context\":\"https:\/\/schema.org\",\"@graph\":[{\"@type\":\"WebPage\",\"@id\":\"https:\/\/www.institutoendoscopiaavanzada.com\/producto\/jornada-de-entrenamiento-en-diseccion-endoscopica-y-endoscopia-del-tercer-espacio\/\",\"url\":\"https:\/\/www.institutoendoscopiaavanzada.com\/producto\/jornada-de-entrenamiento-en-diseccion-endoscopica-y-endoscopia-del-tercer-espacio\/\",\"name\":\"Curso Colangiopancreatograf\u00eda Retr\u00f3grada Endosc\u00f3pica (CPRE)\",\"isPartOf\":{\"@id\":\"https:\/\/www.institutoendoscopiaavanzada.com\/#website\"},\"datePublished\":\"2025-02-02T19:31:30+00:00\",\"dateModified\":\"2025-02-02T19:36:15+00:00\",\"breadcrumb\":{\"@id\":\"https:\/\/www.institutoendoscopiaavanzada.com\/producto\/jornada-de-entrenamiento-en-diseccion-endoscopica-y-endoscopia-del-tercer-espacio\/#breadcrumb\"},\"inLanguage\":\"en-US\"},{\"@type\":\"WebSite\",\"@id\":\"https:\/\/www.institutoendoscopiaavanzada.com\/#website\",\"url\":\"https:\/\/www.institutoendoscopiaavanzada.com\/\",\"name\":\"Instituto de Endoscopia Digestiva Avanzada\",\"description\":\"\",\"publisher\":{\"@id\":\"https:\/\/www.institutoendoscopiaavanzada.com\/#organization\"},\"potentialAction\":[{\"@type\":\"SearchAction\",\"target\":{\"@type\":\"EntryPoint\",\"urlTemplate\":\"https:\/\/www.institutoendoscopiaavanzada.com\/?s={search_term_string}\"},\"query-input\":{\"@type\":\"PropertyValueSpecification\",\"valueRequired\":true,\"valueName\":\"search_term_string\"}}],\"inLanguage\":\"en-US\"},{\"@type\":\"Organization\",\"@id\":\"https:\/\/www.institutoendoscopiaavanzada.com\/#organization\",\"name\":\"Instituto de Endoscopia Digestiva Avanzada\",\"url\":\"https:\/\/www.institutoendoscopiaavanzada.com\/\",\"logo\":{\"@type\":\"ImageObject\",\"inLanguage\":\"en-US\",\"@id\":\"https:\/\/www.institutoendoscopiaavanzada.com\/#\/schema\/logo\/image\/\",\"url\":\"https:\/\/www.institutoendoscopiaavanzada.com\/wp-content\/uploads\/2023\/11\/logo-endoscopia-s-1.png\",\"contentUrl\":\"https:\/\/www.institutoendoscopiaavanzada.com\/wp-content\/uploads\/2023\/11\/logo-endoscopia-s-1.png\",\"width\":154,\"height\":80,\"caption\":\"Instituto de Endoscopia Digestiva Avanzada\"},\"image\":{\"@id\":\"https:\/\/www.institutoendoscopiaavanzada.com\/#\/schema\/logo\/image\/\"}}]}<\/script>\n<!-- \/ Yoast SEO plugin. -->","yoast_head_json":{"title":"Curso Colangiopancreatograf\u00eda Retr\u00f3grada Endosc\u00f3pica (CPRE)","description":"Aprende fundamentos te\u00f3ricos de las indicaciones de la colangiopancreatograf\u00eda endosc\u00f3pica retr\u00f3grada y realiza pr\u00e1cticas de esta t\u00e9cnica en modelo simulado","robots":{"index":"index","follow":"follow","max-snippet":"max-snippet:-1","max-image-preview":"max-image-preview:large","max-video-preview":"max-video-preview:-1"},"canonical":"https:\/\/www.institutoendoscopiaavanzada.com\/producto\/jornada-de-entrenamiento-en-diseccion-endoscopica-y-endoscopia-del-tercer-espacio\/","og_locale":"en_US","og_type":"article","og_title":"Curso Colangiopancreatograf\u00eda Retr\u00f3grada Endosc\u00f3pica (CPRE)","og_description":"Aprende fundamentos te\u00f3ricos de las indicaciones de la colangiopancreatograf\u00eda endosc\u00f3pica retr\u00f3grada y realiza pr\u00e1cticas de esta t\u00e9cnica en modelo simulado","og_url":"https:\/\/www.institutoendoscopiaavanzada.com\/producto\/jornada-de-entrenamiento-en-diseccion-endoscopica-y-endoscopia-del-tercer-espacio\/","og_site_name":"Instituto de Endoscopia Digestiva Avanzada","article_modified_time":"2025-02-02T19:36:15+00:00","twitter_card":"summary_large_image","twitter_misc":{"Est. reading time":"2 minutes"},"schema":{"@context":"https:\/\/schema.org","@graph":[{"@type":"WebPage","@id":"https:\/\/www.institutoendoscopiaavanzada.com\/producto\/jornada-de-entrenamiento-en-diseccion-endoscopica-y-endoscopia-del-tercer-espacio\/","url":"https:\/\/www.institutoendoscopiaavanzada.com\/producto\/jornada-de-entrenamiento-en-diseccion-endoscopica-y-endoscopia-del-tercer-espacio\/","name":"Curso Colangiopancreatograf\u00eda Retr\u00f3grada Endosc\u00f3pica (CPRE)","isPartOf":{"@id":"https:\/\/www.institutoendoscopiaavanzada.com\/#website"},"datePublished":"2025-02-02T19:31:30+00:00","dateModified":"2025-02-02T19:36:15+00:00","breadcrumb":{"@id":"https:\/\/www.institutoendoscopiaavanzada.com\/producto\/jornada-de-entrenamiento-en-diseccion-endoscopica-y-endoscopia-del-tercer-espacio\/#breadcrumb"},"inLanguage":"en-US"},{"@type":"WebSite","@id":"https:\/\/www.institutoendoscopiaavanzada.com\/#website","url":"https:\/\/www.institutoendoscopiaavanzada.com\/","name":"Instituto de Endoscopia Digestiva Avanzada","description":"","publisher":{"@id":"https:\/\/www.institutoendoscopiaavanzada.com\/#organization"},"potentialAction":[{"@type":"SearchAction","target":{"@type":"EntryPoint","urlTemplate":"https:\/\/www.institutoendoscopiaavanzada.com\/?s={search_term_string}"},"query-input":{"@type":"PropertyValueSpecification","valueRequired":true,"valueName":"search_term_string"}}],"inLanguage":"en-US"},{"@type":"Organization","@id":"https:\/\/www.institutoendoscopiaavanzada.com\/#organization","name":"Instituto de Endoscopia Digestiva Avanzada","url":"https:\/\/www.institutoendoscopiaavanzada.com\/","logo":{"@type":"ImageObject","inLanguage":"en-US","@id":"https:\/\/www.institutoendoscopiaavanzada.com\/#\/schema\/logo\/image\/","url":"https:\/\/www.institutoendoscopiaavanzada.com\/wp-content\/uploads\/2023\/11\/logo-endoscopia-s-1.png","contentUrl":"https:\/\/www.institutoendoscopiaavanzada.com\/wp-content\/uploads\/2023\/11\/logo-endoscopia-s-1.png","width":154,"height":80,"caption":"Instituto de Endoscopia Digestiva Avanzada"},"image":{"@id":"https:\/\/www.institutoendoscopiaavanzada.com\/#\/schema\/logo\/image\/"}}]}},"_links":{"self":[{"href":"https:\/\/www.institutoendoscopiaavanzada.com\/en\/wp-json\/wp\/v2\/product\/6790","targetHints":{"allow":["GET"]}}],"collection":[{"href":"https:\/\/www.institutoendoscopiaavanzada.com\/en\/wp-json\/wp\/v2\/product"}],"about":[{"href":"https:\/\/www.institutoendoscopiaavanzada.com\/en\/wp-json\/wp\/v2\/types\/product"}],"replies":[{"embeddable":true,"href":"https:\/\/www.institutoendoscopiaavanzada.com\/en\/wp-json\/wp\/v2\/comments?post=6790"}],"wp:featuredmedia":[{"embeddable":true,"href":"https:\/\/www.institutoendoscopiaavanzada.com\/en\/wp-json\/wp\/v2\/media\/6592"}],"wp:attachment":[{"href":"https:\/\/www.institutoendoscopiaavanzada.com\/en\/wp-json\/wp\/v2\/media?parent=6790"}],"wp:term":[{"taxonomy":"product_brand","embeddable":true,"href":"https:\/\/www.institutoendoscopiaavanzada.com\/en\/wp-json\/wp\/v2\/product_brand?post=6790"},{"taxonomy":"product_cat","embeddable":true,"href":"https:\/\/www.institutoendoscopiaavanzada.com\/en\/wp-json\/wp\/v2\/product_cat?post=6790"},{"taxonomy":"product_tag","embeddable":true,"href":"https:\/\/www.institutoendoscopiaavanzada.com\/en\/wp-json\/wp\/v2\/product_tag?post=6790"}],"curies":[{"name":"wp","href":"https:\/\/api.w.org\/{rel}","templated":true}]}}